{"id":2694,"date":"2023-06-18T23:16:15","date_gmt":"2023-06-18T22:16:15","guid":{"rendered":"https:\/\/rightcom.intside.co\/carrieres\/students-graduates\/"},"modified":"2025-12-17T10:05:11","modified_gmt":"2025-12-17T09:05:11","slug":"etudiants-jeunes-diplomes","status":"publish","type":"page","link":"https:\/\/rightcom.com\/fr\/carrieres\/etudiants-jeunes-diplomes\/","title":{"rendered":"\u00c9tudiants &amp; Jeunes Dipl\u00f4m\u00e9s"},"content":{"rendered":"","protected":false},"excerpt":{"rendered":"","protected":false},"author":1,"featured_media":0,"parent":2686,"menu_order":0,"comment_status":"closed","ping_status":"closed","template":"rightcom-internships.php","meta":{"_acf_changed":false,"footnotes":""},"class_list":["post-2694","page","type-page","status-publish","hentry"],"acf":[],"_links":{"self":[{"href":"https:\/\/rightcom.com\/fr\/wp-json\/wp\/v2\/pages\/2694","targetHints":{"allow":["GET"]}}],"collection":[{"href":"https:\/\/rightcom.com\/fr\/wp-json\/wp\/v2\/pages"}],"about":[{"href":"https:\/\/rightcom.com\/fr\/wp-json\/wp\/v2\/types\/page"}],"author":[{"embeddable":true,"href":"https:\/\/rightcom.com\/fr\/wp-json\/wp\/v2\/users\/1"}],"replies":[{"embeddable":true,"href":"https:\/\/rightcom.com\/fr\/wp-json\/wp\/v2\/comments?post=2694"}],"version-history":[{"count":26,"href":"https:\/\/rightcom.com\/fr\/wp-json\/wp\/v2\/pages\/2694\/revisions"}],"predecessor-version":[{"id":14806,"href":"https:\/\/rightcom.com\/fr\/wp-json\/wp\/v2\/pages\/2694\/revisions\/14806"}],"up":[{"embeddable":true,"href":"https:\/\/rightcom.com\/fr\/wp-json\/wp\/v2\/pages\/2686"}],"wp:attachment":[{"href":"https:\/\/rightcom.com\/fr\/wp-json\/wp\/v2\/media?parent=2694"}],"curies":[{"name":"wp","href":"https:\/\/api.w.org\/{rel}","templated":true}]}}